{"id":234,"date":"2017-08-16T11:26:59","date_gmt":"2017-08-16T09:26:59","guid":{"rendered":"http:\/\/uainogent.fr\/V4\/?page_id=234"},"modified":"2024-09-04T12:35:03","modified_gmt":"2024-09-04T10:35:03","slug":"les-entrainements","status":"publish","type":"page","link":"https:\/\/uainogent.fr\/V4\/?page_id=234","title":{"rendered":"Les Entra\u00eenements"},"content":{"rendered":"<p>[vc_row 0=\u00a0\u00bb\u00a0\u00bb][vc_column 0=\u00a0\u00bb\u00a0\u00bb][vc_column_text css_animation=\u00a0\u00bbzoomIn\u00a0\u00bb]<\/p>\n<h3><strong>Horaires d&rsquo;entra\u00eenements pour la saison 2023\/2024<\/strong><\/h3>\n<hr \/>\n<h4><strong>BABY Athl\u00e9 (Enfants n\u00e9s en 2019-2020)<\/strong><\/h4>\n<p>Reprise : samedi 14 septembre \u00e0 11H<\/p>\n<p><strong>Samedi<\/strong> : 11h00 &#8211; 12h00<br \/>\n<strong>Entra\u00eeneurs<\/strong> :Matheo Gillet- Marie-Carlita<\/p>\n<p><strong>Contact :\u00a0<\/strong>matheo.gillet.uai@gmail.com<\/p>\n<p>[vc_row 0=\u00a0\u00bb\u00a0\u00bb][vc_column 0=\u00a0\u00bb\u00a0\u00bb][vc_column_text css_animation=\u00a0\u00bbzoomIn\u00a0\u00bb]<\/p>\n<hr \/>\n<h4>ECOLES D&rsquo;ATHLETISME : EVEILS et POUSSINS<br \/>\n( Enfants n\u00e9s en 2014-2015-2016-2017-2018 )<\/h4>\n<p>Reprise : mardi 10 septembre \u00e0 18h<\/p>\n<p><strong>Samedi<\/strong> : 14h00 &#8211; 16h00<br \/>\n<strong>Mardi<\/strong> : 18h00 &#8211; 20h00<br \/>\n<strong>Entra\u00eeneurs<\/strong> : Math\u00e9o Gillet &#8211; Aubin Noirez\u2013 Marwan Sebbab \u2013 Sonia Jolly- Violette Jannin- Agathe Durupthy<\/p>\n<p><strong>Contact :\u00a0<\/strong>matheo.gillet.uai@gmail.com<\/p>\n<p>[vc_row 0=\u00a0\u00bb\u00a0\u00bb][vc_column 0=\u00a0\u00bb\u00a0\u00bb][vc_column_text css_animation=\u00a0\u00bbzoomIn\u00a0\u00bb]<\/p>\n<hr \/>\n<h4>BENJAMINS<br \/>\n( Enfants n\u00e9s en 2011-2012)<\/h4>\n<p><strong>Groupe Hors Comp\u00e9tition<br \/>\nMardi : <\/strong>18h00 &#8211; 20h00<\/p>\n<p>Groupe Comp\u00e9tition<br \/>\nMardi\u00a0: 18h30 &#8211; 20h30<br \/>\n<strong>Vendredi<\/strong> : 18h30 &#8211; 20h30<br \/>\n<strong>Entra\u00eeneurs<\/strong> :\u00a0 Marwan Sebbab\u00a0 &#8211;\u00a0A\u00efcha Houdayer &#8211; Aubin Noirez<\/p>\n<p>[\/vc_column_text][\/vc_column][\/vc_row][vc_row 0=\u00a0\u00bb\u00a0\u00bb][vc_column 0=\u00a0\u00bb\u00a0\u00bb][vc_column_text css_animation=\u00a0\u00bbzoomIn\u00a0\u00bb]<\/p>\n<hr \/>\n<h4>MINIMES<br \/>\n( Enfants n\u00e9s en 2009-2010)<\/h4>\n<p><strong>Groupe Hors Comp\u00e9tition<br \/>\nVendredi : <\/strong>18h00 &#8211; 20h00<\/p>\n<p>Groupe Comp\u00e9tition<br \/>\nMardi : 18h30 &#8211; 20h30<br \/>\n<strong>Vendredi<\/strong> : 18h30 &#8211; 20h30<br \/>\n<strong>Samedi<\/strong> : 11h &#8211; 12h30<\/p>\n<p><strong>Entra\u00eeneurs<\/strong> : Christophe Mathieu &#8211; Pamela Barnert &#8211; Aubin Noirez &#8211;\u00a0A\u00efcha Houdayer<br \/>\n<strong>Contact<\/strong>\u00a0:\u00a0cma.estranged72@icloud.com &#8211; 06 89 42 27 52<\/p>\n<div id=\"attachment_875\" style=\"width: 260px\" class=\"wp-caption alignleft\"><img loading=\"lazy\" decoding=\"async\" aria-describedby=\"caption-attachment-875\" class=\"wp-image-875\" src=\"http:\/\/uainogent.fr\/V4\/wp-content\/uploads\/2022\/07\/WhatsApp-Image-2022-07-19-at-11.37.23.jpeg\" alt=\"\" width=\"250\" height=\"353\" srcset=\"https:\/\/uainogent.fr\/V4\/wp-content\/uploads\/2022\/07\/WhatsApp-Image-2022-07-19-at-11.37.23.jpeg 353w, https:\/\/uainogent.fr\/V4\/wp-content\/uploads\/2022\/07\/WhatsApp-Image-2022-07-19-at-11.37.23-212x300.jpeg 212w\" sizes=\"(max-width: 250px) 100vw, 250px\" \/><p id=\"caption-attachment-875\" class=\"wp-caption-text\">Christophe<\/p><\/div>\n<p>[\/vc_column_text][\/vc_column][\/vc_row][vc_row 0=\u00a0\u00bb\u00a0\u00bb][vc_column 0=\u00a0\u00bb\u00a0\u00bb][vc_column_text css_animation=\u00a0\u00bbzoomIn\u00a0\u00bb]<\/p>\n<hr \/>\n<h4>CADETS &#8211; JUNIORS<\/h4>\n<p><strong>Lundi<\/strong> : 18h30 &#8211; 20h30<br \/>\n<strong>Mercredi<\/strong> : 18h30 &#8211; 20h30<br \/>\n<strong>Jeudi<\/strong> : 18h30 &#8211; 20h30<\/p>\n<p><strong>Entra\u00eeneur<\/strong>\u00a0: Christophe Mathieu<\/p>\n<p><strong>Contact<\/strong>\u00a0:\u00a0cma.estranged72@icloud.com &#8211; 06 89 42 27 52<\/p>\n<div id=\"attachment_875\" style=\"width: 260px\" class=\"wp-caption alignleft\"><img loading=\"lazy\" decoding=\"async\" aria-describedby=\"caption-attachment-875\" class=\"wp-image-875\" src=\"http:\/\/uainogent.fr\/V4\/wp-content\/uploads\/2022\/07\/WhatsApp-Image-2022-07-19-at-11.37.23.jpeg\" alt=\"\" width=\"250\" height=\"353\" srcset=\"https:\/\/uainogent.fr\/V4\/wp-content\/uploads\/2022\/07\/WhatsApp-Image-2022-07-19-at-11.37.23.jpeg 353w, https:\/\/uainogent.fr\/V4\/wp-content\/uploads\/2022\/07\/WhatsApp-Image-2022-07-19-at-11.37.23-212x300.jpeg 212w\" sizes=\"(max-width: 250px) 100vw, 250px\" \/><p id=\"caption-attachment-875\" class=\"wp-caption-text\">Christophe<\/p><\/div>\n<p>[\/vc_column_text][\/vc_column][\/vc_row][vc_row 0=\u00a0\u00bb\u00a0\u00bb][vc_column 0=\u00a0\u00bb\u00a0\u00bb][vc_column_text css_animation=\u00a0\u00bbzoomIn\u00a0\u00bb]<\/p>\n<hr \/>\n<h4>SPRINT &#8211; SAUTS &#8211; LANCERS (JUNIORS &#8211; ESPOIRS &#8211; SENIORS &#8211; VETERANS)<\/h4>\n<p><strong>Lundi<\/strong> : 18h30 &#8211; 20h30<br \/>\n<strong>Mercredi<\/strong> : 18h30 &#8211; 20h30<br \/>\n<strong>Jeudi<\/strong> : 18h30 &#8211; 20h30<br \/>\n<strong>Samedi<\/strong> : 11h00 &#8211; 13h00<br \/>\n<strong>Dimanche<\/strong> : 10h00 &#8211; 13h00<br \/>\n<strong>Entra\u00eeneurs<\/strong> : Olivier Rasquin &#8211; Laurent Hassid &#8211; Alberto Baranger<br \/>\n<strong>Contact<\/strong> :\u00a0orasquin@wanadoo.fr<\/p>\n<div id=\"attachment_245\" style=\"width: 260px\" class=\"wp-caption alignleft\"><img loading=\"lazy\" decoding=\"async\" aria-describedby=\"caption-attachment-245\" class=\"wp-image-245 size-medium\" src=\"http:\/\/uainogent.fr\/V4\/wp-content\/uploads\/2017\/08\/olivier-250x300.jpg\" alt=\"\" width=\"250\" height=\"300\" \/><p id=\"caption-attachment-245\" class=\"wp-caption-text\">Olivier<\/p><\/div>\n<p>[\/vc_column_text][\/vc_column][\/vc_row][vc_row 0=\u00a0\u00bb\u00a0\u00bb][vc_column 0=\u00a0\u00bb\u00a0\u00bb][vc_column_text css_animation=\u00a0\u00bbzoomIn\u00a0\u00bb]<\/p>\n<hr \/>\n<h4><\/h4>\n<p>DEMI FOND &#8211; ROUTE (CADETS &#8211; JUNIORS &#8211; ESPOIRS &#8211; SENIORS &#8211; VETERANS)<\/p>\n<p><strong>Lundi\u00a0 (avec Oph\u00e9lie ou Nadir )\u00a0<\/strong>: 18h30-20h30\u00a0(minimes-cadets-junior-espoirs uniquement)<br \/>\n<strong>Lundi\u00a0 (avec Cyril)\u00a0<\/strong>: 20h15-22h15<br \/>\n<strong>Mardi (avec Oph\u00e9lie ou Nadir)<\/strong>\u00a0: Pr\u00e9paration Physique : 18h30-20h30<br \/>\n<strong>Mercredi<\/strong>\u00a0:\u00a0<strong>(avec Oph\u00e9lie)<\/strong>\u00a0: 19h00-21h00<br \/>\n<strong>Vendredi\u00a0(avec Cyril )<\/strong> \u00a018h30 &#8211; 20h30<br \/>\n<strong>Dimanche<\/strong> <strong>(avec\u00a0 Oph\u00e9lie)<\/strong> \u2013 10h30-12h30<br \/>\n<strong>Entra\u00eeneurs<\/strong> :\u00a0 Cyril Pirali &#8211; Oph\u00e9lie Vuillemin \u2013 Nadir Oughanem \u2013 Albane Parisot &#8211; Renaud Goude<br \/>\n<strong>Contact<\/strong> : cirali@free.fr<\/p>\n<div id=\"attachment_423\" style=\"width: 242px\" class=\"wp-caption alignleft\"><img loading=\"lazy\" decoding=\"async\" aria-describedby=\"caption-attachment-423\" class=\"wp-image-423 size-medium\" src=\"http:\/\/uainogent.fr\/V4\/wp-content\/uploads\/2017\/08\/Cyril-1-232x300.jpg\" alt=\"\" width=\"232\" height=\"300\" srcset=\"https:\/\/uainogent.fr\/V4\/wp-content\/uploads\/2017\/08\/Cyril-1-232x300.jpg 232w, https:\/\/uainogent.fr\/V4\/wp-content\/uploads\/2017\/08\/Cyril-1-768x994.jpg 768w, https:\/\/uainogent.fr\/V4\/wp-content\/uploads\/2017\/08\/Cyril-1.jpg 791w\" sizes=\"(max-width: 232px) 100vw, 232px\" \/><p id=\"caption-attachment-423\" class=\"wp-caption-text\">Cyril<\/p><\/div>\n<div id=\"attachment_424\" style=\"width: 209px\" class=\"wp-caption aligncenter\"><img loading=\"lazy\" decoding=\"async\" aria-describedby=\"caption-attachment-424\" class=\"wp-image-424 size-medium\" src=\"http:\/\/uainogent.fr\/V4\/wp-content\/uploads\/2017\/08\/Renaud-1-199x300.jpg\" alt=\"\" width=\"199\" height=\"300\" srcset=\"https:\/\/uainogent.fr\/V4\/wp-content\/uploads\/2017\/08\/Renaud-1-199x300.jpg 199w, https:\/\/uainogent.fr\/V4\/wp-content\/uploads\/2017\/08\/Renaud-1.jpg 680w\" sizes=\"(max-width: 199px) 100vw, 199px\" \/><p id=\"caption-attachment-424\" class=\"wp-caption-text\">Renaud<\/p><\/div>\n<p>[\/vc_column_text][\/vc_column][\/vc_row][vc_row][vc_column][vc_column_text css_animation=\u00a0\u00bbzoomIn\u00a0\u00bb]<\/p>\n<hr \/>\n<h4>SECTION LOISIR<\/h4>\n<p><strong>Mardi<\/strong> : 18h00 &#8211; 20hO0<br \/>\n<strong>Vendredi<\/strong> : 18h30 &#8211; 20h30<\/p>\n<p><strong>Entra\u00eeneur<\/strong> : Fran\u00e7ois Biron<\/p>\n<p><strong>Contact<\/strong> : francoisfernandbiron@gmail.com<\/p>\n<hr \/>\n<h2>LIEUX D&rsquo;ENTRAINEMENT<\/h2>\n<p>Le club implant\u00e9 \u00e0 Nogent sur Marne b\u00e9n\u00e9ficie d\u2019installations sportives dans l\u2019\u00e9crin de verdure du stade \u00abSous la lune\u00bb Alain Mimoun, entre le parc du Tremblay, les bords de Marne et le bois de Vincennes. Le stade \u00abSous la lune\u00bb &#8211; avenue Smith Champion &#8211; est le lieu de RV pour tous les entra\u00eenements des petits et des grands.[\/vc_column_text][\/vc_column][\/vc_row][vc_row 0=\u00a0\u00bb\u00a0\u00bb][vc_column 0=\u00a0\u00bb\u00a0\u00bb][vc_gmaps link=\u00a0\u00bb#E-8_JTNDaWZyYW1lJTIwc3JjJTNEJTIyaHR0cHMlM0ElMkYlMkZ3d3cuZ29vZ2xlLmNvbSUyRm1hcHMlMkZlbWJlZCUzRnBiJTNEJTIxMW0xOCUyMTFtMTIlMjExbTMlMjExZDI0NDguMjI0MzU0NDEyNzQ3NyUyMTJkMi40ODQ1NTIzMTU1NDI4ODg2JTIxM2Q0OC44MzMxMjkzNzkyODUxMyUyMTJtMyUyMTFmMCUyMTJmMCUyMTNmMCUyMTNtMiUyMTFpMTAyNCUyMTJpNzY4JTIxNGYxMy4xJTIxM20zJTIxMW0yJTIxMXMweDQ3ZTYwZDZkMzI5MGIyY2YlMjUzQTB4YjI1OGU3MTQ4MTYwOGRiJTIxMnNTdGFkZSUyQlNvdXMlMkJMYSUyQkx1bmUlMjE1ZTElMjEzbTIlMjExc2ZyJTIxMnNmciUyMTR2MTUwMjg4NTg5OTc1MyUyMiUyMHdpZHRoJTNEJTIyNjAwJTIyJTIwaGVpZ2h0JTNEJTIyMjUwJTIyJTIwZnJhbWVib3JkZXIlM0QlMjIwJTIyJTIwc3R5bGUlM0QlMjJib3JkZXIlM0EwJTIyJTIwYWxsb3dmdWxsc2NyZWVuJTNFJTNDJTJGaWZyYW1lJTNF\u00a0\u00bb css_animation=\u00a0\u00bbzoomIn\u00a0\u00bb][\/vc_column][\/vc_row]<\/p>\n","protected":false},"excerpt":{"rendered":"<p>[vc_row 0=\u00a0\u00bb\u00a0\u00bb][vc_column 0=\u00a0\u00bb\u00a0\u00bb][vc_column_text css_animation=\u00a0\u00bbzoomIn\u00a0\u00bb] Horaires d&rsquo;entra\u00eenements pour la saison 2023\/2024 BABY Athl\u00e9 (Enfants n\u00e9s en 2019-2020) Reprise : samedi 14 septembre \u00e0 11H Samedi : 11h00 &#8211; 12h00 Entra\u00eeneurs :Matheo Gillet- Marie-Carlita Contact :\u00a0matheo.gillet.uai@gmail.com&#46;&#46;&#46;<\/p>\n","protected":false},"author":1,"featured_media":0,"parent":0,"menu_order":0,"comment_status":"closed","ping_status":"closed","template":"","meta":{"footnotes":""},"class_list":["post-234","page","type-page","status-publish","hentry"],"_links":{"self":[{"href":"https:\/\/uainogent.fr\/V4\/index.php?rest_route=\/wp\/v2\/pages\/234"}],"collection":[{"href":"https:\/\/uainogent.fr\/V4\/index.php?rest_route=\/wp\/v2\/pages"}],"about":[{"href":"https:\/\/uainogent.fr\/V4\/index.php?rest_route=\/wp\/v2\/types\/page"}],"author":[{"embeddable":true,"href":"https:\/\/uainogent.fr\/V4\/index.php?rest_route=\/wp\/v2\/users\/1"}],"replies":[{"embeddable":true,"href":"https:\/\/uainogent.fr\/V4\/index.php?rest_route=%2Fwp%2Fv2%2Fcomments&post=234"}],"version-history":[{"count":56,"href":"https:\/\/uainogent.fr\/V4\/index.php?rest_route=\/wp\/v2\/pages\/234\/revisions"}],"predecessor-version":[{"id":1034,"href":"https:\/\/uainogent.fr\/V4\/index.php?rest_route=\/wp\/v2\/pages\/234\/revisions\/1034"}],"wp:attachment":[{"href":"https:\/\/uainogent.fr\/V4\/index.php?rest_route=%2Fwp%2Fv2%2Fmedia&parent=234"}],"curies":[{"name":"wp","href":"https:\/\/api.w.org\/{rel}","templated":true}]}}