{"id":272,"date":"2017-08-16T14:52:18","date_gmt":"2017-08-16T12:52:18","guid":{"rendered":"http:\/\/uainogent.fr\/V4\/?page_id=272"},"modified":"2017-08-16T14:57:24","modified_gmt":"2017-08-16T12:57:24","slug":"organisations-2","status":"publish","type":"page","link":"https:\/\/uainogent.fr\/V4\/?page_id=272","title":{"rendered":"Nos Organisations"},"content":{"rendered":"<p>[vc_row 0=\u00a0\u00bb\u00a0\u00bb][vc_column 0=\u00a0\u00bb\u00a0\u00bb css_animation=\u00a0\u00bbzoomIn\u00a0\u00bb][vc_column_text 0=\u00a0\u00bb\u00a0\u00bb]<\/p>\n<h4>Le meeting du Val de Marne<\/h4>\n<p>L&rsquo;unique meeting Open organis\u00e9 par le comit\u00e9 d\u00e9partemental d&rsquo;athl\u00e9tisme du Val de Marne se d\u00e9roule au mois de juin \u00e0 Nogent, avec l&rsquo;assistance des b\u00e9n\u00e9voles de l&rsquo;UAI Nogent, et les r\u00e9compenses en sont sponsoris\u00e9es par la commune. D\u00e9sormais reconnu dans la communaut\u00e9 athl\u00e9tique, c&rsquo;est un des meetings ouverts les plus importants de France qui offre r\u00e9guli\u00e8rement :<br \/>\n&#8211; des performances \u00e9tourdissantes sur 400m, 200m, sur les haies basses et en hauteur par exemple.<br \/>\n&#8211; une participation tr\u00e8s nombreuse de grande qualit\u00e9 (pr\u00e8s de 500 performances dont une cinquantaines cot\u00e9es \u00e0 plus de 1000 points)<br \/>\nLa proximit\u00e9 avec l&rsquo;Insep et la profondeur du vivier athl\u00e9tique en Ile de France se refl\u00e8tent parfaitement dans le spectacle offert.<\/p>\n<hr \/>\n<h4>Le meeting de Nogent<\/h4>\n<p>A l&rsquo;origine c&rsquo;est le \u00ab petit meeting \u00bb organis\u00e9 le jeudi suivant ou pr\u00e9c\u00e9dant le meeting du Val de Marne. Il permet d&rsquo;en compl\u00e9ter le programme sur les courses et les sauts.<br \/>\nDepuis quelques ann\u00e9es c&rsquo;est un rendez-vous tr\u00e8s \u00ab couru \u00bb pour chasser les derni\u00e8res performances qualificatives pour les championnats de France.<br \/>\nIl b\u00e9n\u00e9ficie de la qualit\u00e9 du cadre Nogentais et de la collaborations des jurys Val de Marnais d\u00e9j\u00e0 impliqu\u00e9s dans le meeting du Val de Marne.<br \/>\nAu total c&rsquo;est \u00e9galement devenu un meeting qui compte en Ile de France avec pr\u00e8s de 300 performances chaque ann\u00e9e.<\/p>\n<hr \/>\n<h4>Le semi-marathon du Val de Marne<\/h4>\n<p>Le semi-marathon du Val de Marne est organis\u00e9 au mois de mars par le comit\u00e9 d\u00e9partemental d&rsquo;athl\u00e9tisme du Val de Marne, avec l&rsquo;assistance des b\u00e9n\u00e9voles de l&rsquo;UAI Nogent.<br \/>\nSur le magnifique parcours tr\u00e8s plat des bords de Marne, les performances sont excellentes et nombre d&rsquo;athl\u00e8tes d\u00e9crochent dans cette \u00e9preuve leur qualification pour le championnat de France de la discipline.<br \/>\nTout \u00e0 son succ\u00e8s avec plus de 2000 athl\u00e8tes r\u00e9partis entre le semi-marathon et le 10km qui lui est associ\u00e9, l&rsquo;\u00e9preuve continue \u00e0 se d\u00e9velopper ann\u00e9e apr\u00e8s ann\u00e9e dans une optique de grande qualit\u00e9.<\/p>\n<hr \/>\n<h4>Championnats d&rsquo;Ile de France de 20km Marche<\/h4>\n<p>En avant \u00ab MARCHE \u00bb ! Le 28 juin 2015, Nogent-sur-Marne accueille les championnats d&rsquo;Ile-de-France des 20km et 35km marche au Stade sous la Lune &#8211; Alain Mimoun En ouverture du traditionnel Meeting du Val-de-Marne, l&rsquo;une des comp\u00e9titions les plus relev\u00e9es de la r\u00e9gion qui se d\u00e9roulera l&rsquo;apr\u00e8s-midi, l&rsquo;UAI Nogent et la Ligue d&rsquo;Ile de France d&rsquo;Athl\u00e9tisme organisent les championnats d&rsquo;Ile-de-France, qualificatifs pour les championnats de France. Cette comp\u00e9tition accueillera les meilleurs sp\u00e9cialistes de la r\u00e9gion ainsi que de nombreux marcheurs Fran\u00e7ais et \u00e9trangers en qu\u00eate d&rsquo;une performance de haut-niveau. Sur un parcours de 1000m alliant bords de Marne et tour de stade ombrag\u00e9, une cinquantaine d&rsquo;athl\u00e8tes sont attendus pour en d\u00e9coudre d\u00e8s 8h30 du matin, \u00e0 la fra\u00eeche, sous l&rsquo;oeil des juges officiels et des athl\u00e8tes de l&rsquo;UAI Nogent apportant leur aide au bon d\u00e9roulement de cette comp\u00e9tition que l&rsquo;on esp\u00e8re p\u00e9renne sur le site. Dans le cadre de cette journ\u00e9e \u00ab Athl\u00e9tisme \u00bb au Stade sous la lune &#8211; Alain Mimoun, venez d\u00e9couvrir la discipline de la marche, peu connue mais attractive, rendue populaire par Yohann Diniz, triple champion d&rsquo;Europe du 50km marche et d\u00e9tenteur du record du monde (3h32&rsquo;33\u00a0\u00bb).<\/p>\n<hr \/>\n<h4>La Nogent-Baltard<\/h4>\n<p>En compl\u00e9ment de l&rsquo;\u00e9preuve tr\u00e8s roulante qu&rsquo;est le semi-marathon du Val de Marne, l&rsquo;UAI a d\u00e9cid\u00e9 d&rsquo;exploiter au contraire la richesse de son relief. Cette course regroupe quelques 300 coureurs souvent Nogentais et non licenci\u00e9s qui en font l&rsquo;un de leur objectifs annuels. Ils partent pour deux tours \u00e0 l&rsquo;assaut de 3 c\u00f4tes, alternant le niveau de la Marne avec le Pavillon Baltard, la sous-pr\u00e9fecture et la Maison des artistes.<br \/>\nLe passage exceptionnel par le parc de la Maison des artistes est l&rsquo;un des plaisirs de cette course qui bascule \u00e0 compter de 2015 de mi-mai \u00e0 mi-octobre.[\/vc_column_text][\/vc_column][\/vc_row]<\/p>\n","protected":false},"excerpt":{"rendered":"<p>[vc_row 0=\u00a0\u00bb\u00a0\u00bb][vc_column 0=\u00a0\u00bb\u00a0\u00bb css_animation=\u00a0\u00bbzoomIn\u00a0\u00bb][vc_column_text 0=\u00a0\u00bb\u00a0\u00bb] Le meeting du Val de Marne L&rsquo;unique meeting Open organis\u00e9 par le comit\u00e9 d\u00e9partemental d&rsquo;athl\u00e9tisme du Val de Marne se d\u00e9roule au mois de juin \u00e0 Nogent, avec l&rsquo;assistance&#46;&#46;&#46;<\/p>\n","protected":false},"author":1,"featured_media":0,"parent":0,"menu_order":0,"comment_status":"closed","ping_status":"closed","template":"","meta":{"footnotes":""},"class_list":["post-272","page","type-page","status-publish","hentry"],"_links":{"self":[{"href":"https:\/\/uainogent.fr\/V4\/index.php?rest_route=\/wp\/v2\/pages\/272"}],"collection":[{"href":"https:\/\/uainogent.fr\/V4\/index.php?rest_route=\/wp\/v2\/pages"}],"about":[{"href":"https:\/\/uainogent.fr\/V4\/index.php?rest_route=\/wp\/v2\/types\/page"}],"author":[{"embeddable":true,"href":"https:\/\/uainogent.fr\/V4\/index.php?rest_route=\/wp\/v2\/users\/1"}],"replies":[{"embeddable":true,"href":"https:\/\/uainogent.fr\/V4\/index.php?rest_route=%2Fwp%2Fv2%2Fcomments&post=272"}],"version-history":[{"count":3,"href":"https:\/\/uainogent.fr\/V4\/index.php?rest_route=\/wp\/v2\/pages\/272\/revisions"}],"predecessor-version":[{"id":278,"href":"https:\/\/uainogent.fr\/V4\/index.php?rest_route=\/wp\/v2\/pages\/272\/revisions\/278"}],"wp:attachment":[{"href":"https:\/\/uainogent.fr\/V4\/index.php?rest_route=%2Fwp%2Fv2%2Fmedia&parent=272"}],"curies":[{"name":"wp","href":"https:\/\/api.w.org\/{rel}","templated":true}]}}